{"id":239,"date":"2022-08-29T09:35:41","date_gmt":"2022-08-29T07:35:41","guid":{"rendered":"http:\/\/www.scorfi.fr\/?page_id=239"},"modified":"2022-08-30T09:36:45","modified_gmt":"2022-08-30T07:36:45","slug":"scorfi-remises","status":"publish","type":"page","link":"https:\/\/www.scorfi.fr\/index.php\/scorfi-remises\/","title":{"rendered":"Scorfi Remises"},"content":{"rendered":"<p>[vc_row][vc_column][vc_column_text]<\/p>\n<h1 style=\"text-align: center;\"><strong>Scorfi Remises<\/strong><\/h1>\n<p>[\/vc_column_text][\/vc_column][\/vc_row][vc_row][vc_column][vc_column_text]<\/p>\n<p style=\"text-align: left;\">Le module SCORFI-Remises permet de g\u00e9n\u00e9rer des fichiers de remise (LCR, virements ou pr\u00e9l\u00e8vements ) pour les banques\u00a0au format SEPA<br \/>\n. Ces fichiers peuvent \u00eatre de plusieurs types :<\/p>\n<p>-Remise de LCR<\/p>\n<p>-Virements internationaux<\/p>\n<p>-VCMOVirements domestiques<\/p>\n<p>-Remise de pr\u00e9l\u00e8vement<\/p>\n<p>Ce produit est nativement multi-soci\u00e9t\u00e9s et multi-utilisateurs.<\/p>\n<p>L\u2019int\u00e9gration\u00a0des op\u00e9rations s\u2019effectue suivant un param\u00e9trage de la structure du fichier d\u00e9fini par l\u2019utilisateur. Vous avez \u00e9galement la possibilit\u00e9 de<br \/>\nsaisir\u00a0l\u2019ensemble des effets \/ virements \/ pr\u00e9l\u00e8vements \u00e0 traiter.<\/p>\n<p>De par sa flexibilit\u00e9, SCORFI-Remises s\u2019interface avec tout syst\u00e8me<br \/>\nde comptabilit\u00e9, de paie ou de gestion commerciale.[\/vc_column_text][vc_single_image image=&#8221;266&#8243; img_size=&#8221;large&#8221;][\/vc_column][\/vc_row][vc_row][vc_column][\/vc_column][\/vc_row][vc_row][vc_column][vc_column_text]La s\u00e9curit\u00e9 des traitements est assur\u00e9e par la d\u00e9finition de deux niveaux de signataires, et de montants seuil de signature. Cette s\u00e9curit\u00e9 logicielle peut \u00eatre compl\u00e9t\u00e9e par<br \/>\n<strong>un scellement<\/strong>.<\/p>\n<p>Le\u00a0<strong>processus\u00a0<\/strong>de cr\u00e9ation d\u2019une remise est <strong>simple<\/strong><\/p>\n<p>S\u00e9lection des traites, virements ou pr\u00e9l\u00e8vements \u00e0 effectuer, un \u00e0 un ou par s\u00e9lection dans un filtreSignature optionnelle des fichiersG\u00e9n\u00e9ration des fichiers par, type de fichier, devise et soci\u00e9t\u00e9Edition d\u2019un fax pour la banquePossibilit\u00e9 de g\u00e9n\u00e9rer des fichiers pour la comptabilit\u00e9 ou la tr\u00e9sorerie, ou tout autre syst\u00e8meRapprochement et communication bancaire<\/p>\n<p>Tous droits r\u00e9serv\u00e9s[\/vc_column_text][\/vc_column][\/vc_row]<\/p>\n","protected":false},"excerpt":{"rendered":"<p>[vc_row][vc_column][vc_column_text] Scorfi Remises [\/vc_column_text][\/vc_column][\/vc_row][vc_row][vc_column][vc_column_text] Le module SCORFI-Remises permet de g\u00e9n\u00e9rer des fichiers de remise (LCR, virements ou pr\u00e9l\u00e8vements ) pour les banques\u00a0au format SEPA . Ces fichiers peuvent \u00eatre de plusieurs types : -Remise de LCR -Virements internationaux -VCMOVirements domestiques -Remise de pr\u00e9l\u00e8vement Ce produit&#8230;<\/p>\n","protected":false},"author":1,"featured_media":0,"parent":0,"menu_order":4,"comment_status":"closed","ping_status":"closed","template":"","meta":{"footnotes":""},"class_list":["post-239","page","type-page","status-publish","hentry"],"yoast_head":"<!-- This site is optimized with the Yoast SEO plugin v24.1 - https:\/\/yoast.com\/wordpress\/plugins\/seo\/ -->\n<title>Scorfi Remises - SCORFI<\/title>\n<meta name=\"robots\" content=\"index, follow, max-snippet:-1, max-image-preview:large, max-video-preview:-1\" \/>\n<link rel=\"canonical\" href=\"https:\/\/www.scorfi.fr\/index.php\/scorfi-remises\/\" \/>\n<meta property=\"og:locale\" content=\"fr_FR\" \/>\n<meta property=\"og:type\" content=\"article\" \/>\n<meta property=\"og:title\" content=\"Scorfi Remises - SCORFI\" \/>\n<meta property=\"og:description\" content=\"[vc_row][vc_column][vc_column_text] Scorfi Remises [\/vc_column_text][\/vc_column][\/vc_row][vc_row][vc_column][vc_column_text] Le module SCORFI-Remises permet de g\u00e9n\u00e9rer des fichiers de remise (LCR, virements ou pr\u00e9l\u00e8vements ) pour les banques\u00a0au format SEPA . Ces fichiers peuvent \u00eatre de plusieurs types : -Remise de LCR -Virements internationaux -VCMOVirements domestiques -Remise de pr\u00e9l\u00e8vement Ce produit...\" \/>\n<meta property=\"og:url\" content=\"https:\/\/www.scorfi.fr\/index.php\/scorfi-remises\/\" \/>\n<meta property=\"og:site_name\" content=\"SCORFI\" \/>\n<meta property=\"article:modified_time\" content=\"2022-08-30T07:36:45+00:00\" \/>\n<meta name=\"twitter:card\" content=\"summary_large_image\" \/>\n<script type=\"application\/ld+json\" class=\"yoast-schema-graph\">{\"@context\":\"https:\/\/schema.org\",\"@graph\":[{\"@type\":\"WebPage\",\"@id\":\"https:\/\/www.scorfi.fr\/index.php\/scorfi-remises\/\",\"url\":\"https:\/\/www.scorfi.fr\/index.php\/scorfi-remises\/\",\"name\":\"Scorfi Remises - SCORFI\",\"isPartOf\":{\"@id\":\"http:\/\/www.scorfi.fr\/#website\"},\"datePublished\":\"2022-08-29T07:35:41+00:00\",\"dateModified\":\"2022-08-30T07:36:45+00:00\",\"breadcrumb\":{\"@id\":\"https:\/\/www.scorfi.fr\/index.php\/scorfi-remises\/#breadcrumb\"},\"inLanguage\":\"fr-FR\",\"potentialAction\":[{\"@type\":\"ReadAction\",\"target\":[\"https:\/\/www.scorfi.fr\/index.php\/scorfi-remises\/\"]}]},{\"@type\":\"BreadcrumbList\",\"@id\":\"https:\/\/www.scorfi.fr\/index.php\/scorfi-remises\/#breadcrumb\",\"itemListElement\":[{\"@type\":\"ListItem\",\"position\":1,\"name\":\"Accueil\",\"item\":\"http:\/\/www.scorfi.fr\/\"},{\"@type\":\"ListItem\",\"position\":2,\"name\":\"Scorfi Remises\"}]},{\"@type\":\"WebSite\",\"@id\":\"http:\/\/www.scorfi.fr\/#website\",\"url\":\"http:\/\/www.scorfi.fr\/\",\"name\":\"SCORFI\",\"description\":\"Le rapprochement bancaire tout simplement\",\"potentialAction\":[{\"@type\":\"SearchAction\",\"target\":{\"@type\":\"EntryPoint\",\"urlTemplate\":\"http:\/\/www.scorfi.fr\/?s={search_term_string}\"},\"query-input\":{\"@type\":\"PropertyValueSpecification\",\"valueRequired\":true,\"valueName\":\"search_term_string\"}}],\"inLanguage\":\"fr-FR\"}]}<\/script>\n<!-- \/ Yoast SEO plugin. -->","yoast_head_json":{"title":"Scorfi Remises - SCORFI","robots":{"index":"index","follow":"follow","max-snippet":"max-snippet:-1","max-image-preview":"max-image-preview:large","max-video-preview":"max-video-preview:-1"},"canonical":"https:\/\/www.scorfi.fr\/index.php\/scorfi-remises\/","og_locale":"fr_FR","og_type":"article","og_title":"Scorfi Remises - SCORFI","og_description":"[vc_row][vc_column][vc_column_text] Scorfi Remises [\/vc_column_text][\/vc_column][\/vc_row][vc_row][vc_column][vc_column_text] Le module SCORFI-Remises permet de g\u00e9n\u00e9rer des fichiers de remise (LCR, virements ou pr\u00e9l\u00e8vements ) pour les banques\u00a0au format SEPA . Ces fichiers peuvent \u00eatre de plusieurs types : -Remise de LCR -Virements internationaux -VCMOVirements domestiques -Remise de pr\u00e9l\u00e8vement Ce produit...","og_url":"https:\/\/www.scorfi.fr\/index.php\/scorfi-remises\/","og_site_name":"SCORFI","article_modified_time":"2022-08-30T07:36:45+00:00","twitter_card":"summary_large_image","schema":{"@context":"https:\/\/schema.org","@graph":[{"@type":"WebPage","@id":"https:\/\/www.scorfi.fr\/index.php\/scorfi-remises\/","url":"https:\/\/www.scorfi.fr\/index.php\/scorfi-remises\/","name":"Scorfi Remises - SCORFI","isPartOf":{"@id":"http:\/\/www.scorfi.fr\/#website"},"datePublished":"2022-08-29T07:35:41+00:00","dateModified":"2022-08-30T07:36:45+00:00","breadcrumb":{"@id":"https:\/\/www.scorfi.fr\/index.php\/scorfi-remises\/#breadcrumb"},"inLanguage":"fr-FR","potentialAction":[{"@type":"ReadAction","target":["https:\/\/www.scorfi.fr\/index.php\/scorfi-remises\/"]}]},{"@type":"BreadcrumbList","@id":"https:\/\/www.scorfi.fr\/index.php\/scorfi-remises\/#breadcrumb","itemListElement":[{"@type":"ListItem","position":1,"name":"Accueil","item":"http:\/\/www.scorfi.fr\/"},{"@type":"ListItem","position":2,"name":"Scorfi Remises"}]},{"@type":"WebSite","@id":"http:\/\/www.scorfi.fr\/#website","url":"http:\/\/www.scorfi.fr\/","name":"SCORFI","description":"Le rapprochement bancaire tout simplement","potentialAction":[{"@type":"SearchAction","target":{"@type":"EntryPoint","urlTemplate":"http:\/\/www.scorfi.fr\/?s={search_term_string}"},"query-input":{"@type":"PropertyValueSpecification","valueRequired":true,"valueName":"search_term_string"}}],"inLanguage":"fr-FR"}]}},"_links":{"self":[{"href":"https:\/\/www.scorfi.fr\/index.php\/wp-json\/wp\/v2\/pages\/239","targetHints":{"allow":["GET"]}}],"collection":[{"href":"https:\/\/www.scorfi.fr\/index.php\/wp-json\/wp\/v2\/pages"}],"about":[{"href":"https:\/\/www.scorfi.fr\/index.php\/wp-json\/wp\/v2\/types\/page"}],"author":[{"embeddable":true,"href":"https:\/\/www.scorfi.fr\/index.php\/wp-json\/wp\/v2\/users\/1"}],"replies":[{"embeddable":true,"href":"https:\/\/www.scorfi.fr\/index.php\/wp-json\/wp\/v2\/comments?post=239"}],"version-history":[{"count":4,"href":"https:\/\/www.scorfi.fr\/index.php\/wp-json\/wp\/v2\/pages\/239\/revisions"}],"predecessor-version":[{"id":267,"href":"https:\/\/www.scorfi.fr\/index.php\/wp-json\/wp\/v2\/pages\/239\/revisions\/267"}],"wp:attachment":[{"href":"https:\/\/www.scorfi.fr\/index.php\/wp-json\/wp\/v2\/media?parent=239"}],"curies":[{"name":"wp","href":"https:\/\/api.w.org\/{rel}","templated":true}]}}