{"id":237,"date":"2022-08-29T09:34:51","date_gmt":"2022-08-29T07:34:51","guid":{"rendered":"http:\/\/www.scorfi.fr\/?page_id=237"},"modified":"2025-09-24T10:43:36","modified_gmt":"2025-09-24T08:43:36","slug":"scorfi-rapprochement","status":"publish","type":"page","link":"https:\/\/www.scorfi.fr\/index.php\/scorfi-rapprochement\/","title":{"rendered":"Scorfi Rapprochement"},"content":{"rendered":"\t\t<div data-elementor-type=\"wp-page\" data-elementor-id=\"237\" class=\"elementor elementor-237\">\n\t\t\t\t\t\t<section class=\"elementor-section elementor-top-section elementor-element elementor-element-5c1a2e48 elementor-section-boxed elementor-section-height-default elementor-section-height-default\" data-id=\"5c1a2e48\" data-element_type=\"section\">\n\t\t\t\t\t\t<div class=\"elementor-container elementor-column-gap-default\">\n\t\t\t\t\t<div class=\"elementor-column elementor-col-100 elementor-top-column elementor-element elementor-element-3c8dd9a8\" data-id=\"3c8dd9a8\" data-element_type=\"column\">\n\t\t\t<div class=\"elementor-widget-wrap elementor-element-populated\">\n\t\t\t\t\t\t<div class=\"elementor-element elementor-element-97bcec0 elementor-widget elementor-widget-text-editor\" data-id=\"97bcec0\" data-element_type=\"widget\" data-widget_type=\"text-editor.default\">\n\t\t\t\t<div class=\"elementor-widget-container\">\n\t\t\t\t\t\t\t\t\t<p>[vc_row][vc_column][vc_column_text]<\/p>\n<h1 style=\"text-align: center;\">Scorfi Rapprochement<\/h1>\n<p>[\/vc_column_text][\/vc_column][\/vc_row][vc_row][vc_column][vc_column_text]Le progiciel&nbsp;<strong>SCORFI-Rapprochement<\/strong>&nbsp;&nbsp;permet de r\u00e9aliser, de mani\u00e8re automatique, le rapprochement entre les \u00e9critures issues des comptes bancaires et celles provenant de la comptabilit\u00e9.<\/p>\n<p>Naturellement multi-soci\u00e9t\u00e9s, multi-devises et multi-utilisateurs, le progiciel SCORFI \u2013 Rapprochement s\u2019adapte \u00e0 toutes les situations :<\/p>\n<p>-Gestion centralis\u00e9e au si\u00e8ge du rapprochement des filiales<\/p>\n<p>-Gestion d\u00e9localis\u00e9e des rapprochements ; chaque filiale g\u00e8re son rapprochement<\/p>\n<p>-Gestion r\u00e9gionale du rapprochement, N sites centraux g\u00e8rent le rapprochement<\/p>\n<p>-Gestion par banque du rapprochement; un groupe d\u2019utilisateur travaille sur une banque d\u00e9finie.<\/p>\n<p>Le rapprochement automatique s\u2019adapte aux particularit\u00e9s de l\u2019entreprise \u00e0 travers un ensemble de lois param\u00e9trables. Trois types de rapprochement sont utilisables:<\/p>\n<p>\u2013 rapprochement unitaire (1-1)<\/p>\n<p>\u2013 rapprochement compl\u00e9t\u00e9 (1-2), utilis\u00e9 dans le cas de compl\u00e9tion d\u2019\u00e9criture par un code \u00ab&nbsp;frais&nbsp;\u00bb ou \u00ab&nbsp;divers&nbsp;\u00bb<\/p>\n<p>\u2013 rapprochement global (N x M), ou plusieurs \u00e0 plusieurs.<\/p>\n<p>Ces types de rapprochement sont compl\u00e9t\u00e9s par deux niveaux de proposition.<\/p>\n<p>Les fonctions de rapprochement manuel, ou assist\u00e9, tr\u00e8s ergonomiques, vous permettent de travailler sur des volumes d\u2019\u00e9critures importants, gr\u00e2ce \u00e0 leurs nombreux filtres et tris.[\/vc_column_text][\/vc_column][\/vc_row][vc_row][vc_column][\/vc_column][\/vc_row][vc_row][vc_column][\/vc_column][\/vc_row][vc_row][vc_column][vc_column_text]Que ce soit pour les \u00e9critures bancaires ou comptables, le progiciel SCORFI \u2013 Rapprochement s\u2019adapte \u00e0 votre situation.<\/p>\n<p><strong>C\u00f4t\u00e9 banque :<\/strong><\/p>\n<p>Utilisation des formats SEPA, Contr\u00f4le de coh\u00e9rence des soldes des extraits de compte re\u00e7us<\/p>\n<p><strong>C\u00f4t\u00e9 comptable :<\/strong><\/p>\n<p>Format compl\u00e8tement param\u00e9trable, Possibilit\u00e9 de d\u00e9finir des zones suppl\u00e9mentaires de saisie.<\/p>\n<p>Le progiciel SCORFI \u2013 Rapprochement permet<strong>&nbsp;l\u2019\u00e9dition de multiples \u00e9tats ou rapports<\/strong>&nbsp;&nbsp;:<\/p>\n<p>Constitution d\u2019\u00e9tats d\u00e9taill\u00e9s ou synth\u00e9tiques, Possibilit\u00e9 d\u2019\u00e9diter une balance \u00e0 une date ou p\u00e9riode donn\u00e9e, Impression d\u2019\u00e9ditions pour un compte ou pour tous les comptes g\u00e9r\u00e9s, Moteur de recherche multi-crit\u00e8res : \u00e9tat des \u00e9critures en attende, tri\u00e9es par montant, compte, code, date.<\/p>\n<p>Enfin, la notion d\u2019exercices vous permet de traiter simplement vos probl\u00e8mes d\u2019archivage.[\/vc_column_text][\/vc_column][\/vc_row]<\/p>\t\t\t\t\t\t\t\t<\/div>\n\t\t\t\t<\/div>\n\t\t\t\t\t<\/div>\n\t\t<\/div>\n\t\t\t\t\t<\/div>\n\t\t<\/section>\n\t\t\t\t<\/div>\n\t\t","protected":false},"excerpt":{"rendered":"<p>[vc_row][vc_column][vc_column_text] Scorfi Rapprochement [\/vc_column_text][\/vc_column][\/vc_row][vc_row][vc_column][vc_column_text]Le progiciel&nbsp;SCORFI-Rapprochement&nbsp;&nbsp;permet de r\u00e9aliser, de mani\u00e8re automatique, le rapprochement entre les \u00e9critures issues des comptes bancaires et celles provenant de la comptabilit\u00e9. Naturellement multi-soci\u00e9t\u00e9s, multi-devises et multi-utilisateurs, le progiciel SCORFI \u2013 Rapprochement s\u2019adapte \u00e0 toutes les situations : -Gestion centralis\u00e9e au si\u00e8ge&#8230;<\/p>\n","protected":false},"author":1,"featured_media":0,"parent":0,"menu_order":3,"comment_status":"closed","ping_status":"closed","template":"","meta":{"footnotes":""},"class_list":["post-237","page","type-page","status-publish","hentry"],"yoast_head":"<!-- This site is optimized with the Yoast SEO plugin v24.1 - https:\/\/yoast.com\/wordpress\/plugins\/seo\/ -->\n<title>Scorfi Rapprochement - SCORFI<\/title>\n<meta name=\"robots\" content=\"index, follow, max-snippet:-1, max-image-preview:large, max-video-preview:-1\" \/>\n<link rel=\"canonical\" href=\"https:\/\/www.scorfi.fr\/index.php\/scorfi-rapprochement\/\" \/>\n<meta property=\"og:locale\" content=\"fr_FR\" \/>\n<meta property=\"og:type\" content=\"article\" \/>\n<meta property=\"og:title\" content=\"Scorfi Rapprochement - SCORFI\" \/>\n<meta property=\"og:description\" content=\"[vc_row][vc_column][vc_column_text] Scorfi Rapprochement [\/vc_column_text][\/vc_column][\/vc_row][vc_row][vc_column][vc_column_text]Le progiciel&nbsp;SCORFI-Rapprochement&nbsp;&nbsp;permet de r\u00e9aliser, de mani\u00e8re automatique, le rapprochement entre les \u00e9critures issues des comptes bancaires et celles provenant de la comptabilit\u00e9. Naturellement multi-soci\u00e9t\u00e9s, multi-devises et multi-utilisateurs, le progiciel SCORFI \u2013 Rapprochement s\u2019adapte \u00e0 toutes les situations : -Gestion centralis\u00e9e au si\u00e8ge...\" \/>\n<meta property=\"og:url\" content=\"https:\/\/www.scorfi.fr\/index.php\/scorfi-rapprochement\/\" \/>\n<meta property=\"og:site_name\" content=\"SCORFI\" \/>\n<meta property=\"article:modified_time\" content=\"2025-09-24T08:43:36+00:00\" \/>\n<meta name=\"twitter:card\" content=\"summary_large_image\" \/>\n<meta name=\"twitter:label1\" content=\"Dur\u00e9e de lecture estim\u00e9e\" \/>\n\t<meta name=\"twitter:data1\" content=\"2 minutes\" \/>\n<script type=\"application\/ld+json\" class=\"yoast-schema-graph\">{\"@context\":\"https:\/\/schema.org\",\"@graph\":[{\"@type\":\"WebPage\",\"@id\":\"https:\/\/www.scorfi.fr\/index.php\/scorfi-rapprochement\/\",\"url\":\"https:\/\/www.scorfi.fr\/index.php\/scorfi-rapprochement\/\",\"name\":\"Scorfi Rapprochement - SCORFI\",\"isPartOf\":{\"@id\":\"http:\/\/www.scorfi.fr\/#website\"},\"datePublished\":\"2022-08-29T07:34:51+00:00\",\"dateModified\":\"2025-09-24T08:43:36+00:00\",\"breadcrumb\":{\"@id\":\"https:\/\/www.scorfi.fr\/index.php\/scorfi-rapprochement\/#breadcrumb\"},\"inLanguage\":\"fr-FR\",\"potentialAction\":[{\"@type\":\"ReadAction\",\"target\":[\"https:\/\/www.scorfi.fr\/index.php\/scorfi-rapprochement\/\"]}]},{\"@type\":\"BreadcrumbList\",\"@id\":\"https:\/\/www.scorfi.fr\/index.php\/scorfi-rapprochement\/#breadcrumb\",\"itemListElement\":[{\"@type\":\"ListItem\",\"position\":1,\"name\":\"Accueil\",\"item\":\"http:\/\/www.scorfi.fr\/\"},{\"@type\":\"ListItem\",\"position\":2,\"name\":\"Scorfi Rapprochement\"}]},{\"@type\":\"WebSite\",\"@id\":\"http:\/\/www.scorfi.fr\/#website\",\"url\":\"http:\/\/www.scorfi.fr\/\",\"name\":\"SCORFI\",\"description\":\"Le rapprochement bancaire tout simplement\",\"potentialAction\":[{\"@type\":\"SearchAction\",\"target\":{\"@type\":\"EntryPoint\",\"urlTemplate\":\"http:\/\/www.scorfi.fr\/?s={search_term_string}\"},\"query-input\":{\"@type\":\"PropertyValueSpecification\",\"valueRequired\":true,\"valueName\":\"search_term_string\"}}],\"inLanguage\":\"fr-FR\"}]}<\/script>\n<!-- \/ Yoast SEO plugin. -->","yoast_head_json":{"title":"Scorfi Rapprochement - SCORFI","robots":{"index":"index","follow":"follow","max-snippet":"max-snippet:-1","max-image-preview":"max-image-preview:large","max-video-preview":"max-video-preview:-1"},"canonical":"https:\/\/www.scorfi.fr\/index.php\/scorfi-rapprochement\/","og_locale":"fr_FR","og_type":"article","og_title":"Scorfi Rapprochement - SCORFI","og_description":"[vc_row][vc_column][vc_column_text] Scorfi Rapprochement [\/vc_column_text][\/vc_column][\/vc_row][vc_row][vc_column][vc_column_text]Le progiciel&nbsp;SCORFI-Rapprochement&nbsp;&nbsp;permet de r\u00e9aliser, de mani\u00e8re automatique, le rapprochement entre les \u00e9critures issues des comptes bancaires et celles provenant de la comptabilit\u00e9. Naturellement multi-soci\u00e9t\u00e9s, multi-devises et multi-utilisateurs, le progiciel SCORFI \u2013 Rapprochement s\u2019adapte \u00e0 toutes les situations : -Gestion centralis\u00e9e au si\u00e8ge...","og_url":"https:\/\/www.scorfi.fr\/index.php\/scorfi-rapprochement\/","og_site_name":"SCORFI","article_modified_time":"2025-09-24T08:43:36+00:00","twitter_card":"summary_large_image","twitter_misc":{"Dur\u00e9e de lecture estim\u00e9e":"2 minutes"},"schema":{"@context":"https:\/\/schema.org","@graph":[{"@type":"WebPage","@id":"https:\/\/www.scorfi.fr\/index.php\/scorfi-rapprochement\/","url":"https:\/\/www.scorfi.fr\/index.php\/scorfi-rapprochement\/","name":"Scorfi Rapprochement - SCORFI","isPartOf":{"@id":"http:\/\/www.scorfi.fr\/#website"},"datePublished":"2022-08-29T07:34:51+00:00","dateModified":"2025-09-24T08:43:36+00:00","breadcrumb":{"@id":"https:\/\/www.scorfi.fr\/index.php\/scorfi-rapprochement\/#breadcrumb"},"inLanguage":"fr-FR","potentialAction":[{"@type":"ReadAction","target":["https:\/\/www.scorfi.fr\/index.php\/scorfi-rapprochement\/"]}]},{"@type":"BreadcrumbList","@id":"https:\/\/www.scorfi.fr\/index.php\/scorfi-rapprochement\/#breadcrumb","itemListElement":[{"@type":"ListItem","position":1,"name":"Accueil","item":"http:\/\/www.scorfi.fr\/"},{"@type":"ListItem","position":2,"name":"Scorfi Rapprochement"}]},{"@type":"WebSite","@id":"http:\/\/www.scorfi.fr\/#website","url":"http:\/\/www.scorfi.fr\/","name":"SCORFI","description":"Le rapprochement bancaire tout simplement","potentialAction":[{"@type":"SearchAction","target":{"@type":"EntryPoint","urlTemplate":"http:\/\/www.scorfi.fr\/?s={search_term_string}"},"query-input":{"@type":"PropertyValueSpecification","valueRequired":true,"valueName":"search_term_string"}}],"inLanguage":"fr-FR"}]}},"_links":{"self":[{"href":"https:\/\/www.scorfi.fr\/index.php\/wp-json\/wp\/v2\/pages\/237","targetHints":{"allow":["GET"]}}],"collection":[{"href":"https:\/\/www.scorfi.fr\/index.php\/wp-json\/wp\/v2\/pages"}],"about":[{"href":"https:\/\/www.scorfi.fr\/index.php\/wp-json\/wp\/v2\/types\/page"}],"author":[{"embeddable":true,"href":"https:\/\/www.scorfi.fr\/index.php\/wp-json\/wp\/v2\/users\/1"}],"replies":[{"embeddable":true,"href":"https:\/\/www.scorfi.fr\/index.php\/wp-json\/wp\/v2\/comments?post=237"}],"version-history":[{"count":5,"href":"https:\/\/www.scorfi.fr\/index.php\/wp-json\/wp\/v2\/pages\/237\/revisions"}],"predecessor-version":[{"id":311,"href":"https:\/\/www.scorfi.fr\/index.php\/wp-json\/wp\/v2\/pages\/237\/revisions\/311"}],"wp:attachment":[{"href":"https:\/\/www.scorfi.fr\/index.php\/wp-json\/wp\/v2\/media?parent=237"}],"curies":[{"name":"wp","href":"https:\/\/api.w.org\/{rel}","templated":true}]}}